{"id":23517,"date":"2024-06-28T05:25:16","date_gmt":"2024-06-28T05:25:16","guid":{"rendered":"https:\/\/smarthcm.cloud\/?page_id=23517"},"modified":"2025-07-24T11:22:02","modified_gmt":"2025-07-24T11:22:02","slug":"cookies-policy","status":"publish","type":"page","link":"https:\/\/smarthcm.cloud\/ar\/cookies-policy\/","title":{"rendered":"\u0627\u062a\u0641\u0627\u0642\u064a\u0629 \u0645\u0644\u0641\u0627\u062a \u062a\u0639\u0631\u064a\u0641 \u0627\u0644\u0627\u0631\u062a\u0628\u0627\u0637"},"content":{"rendered":"<div data-elementor-type=\"wp-page\" data-elementor-id=\"23517\" class=\"elementor elementor-23517\">\n\t\t\t\t\t\t<section class=\"elementor-section elementor-top-section elementor-element elementor-element-43911ee elementor-section-height-min-height inner-banner elementor-section-boxed elementor-section-height-default elementor-section-items-middle wpr-particle-no wpr-jarallax-no wpr-parallax-no wpr-sticky-section-no\" data-id=\"43911ee\" data-element_type=\"section\" data-e-type=\"section\" data-settings=\"{&quot;background_background&quot;:&quot;classic&quot;}\">\n\t\t\t\t\t\t<div class=\"elementor-container elementor-column-gap-default\">\n\t\t\t\t\t<div class=\"elementor-column elementor-col-100 elementor-top-column elementor-element elementor-element-1c74685 elementor-invisible\" data-id=\"1c74685\" data-element_type=\"column\" data-e-type=\"column\" data-settings=\"{&quot;animation&quot;:&quot;fadeInLeft&quot;}\">\n\t\t\t<div class=\"elementor-widget-wrap elementor-element-populated\">\n\t\t\t\t\t\t<div class=\"elementor-element elementor-element-ac985de elementor-widget elementor-widget-heading\" data-id=\"ac985de\" data-element_type=\"widget\" data-e-type=\"widget\" data-widget_type=\"heading.default\">\n\t\t\t\t<div class=\"elementor-widget-container\">\n\t\t\t\t\t<h1 class=\"elementor-heading-title elementor-size-default\">\u0627\u062a\u0641\u0627\u0642\u064a\u0629 \u0645\u0644\u0641\u0627\u062a \u062a\u0639\u0631\u064a\u0641 \u0627\u0644\u0627\u0631\u062a\u0628\u0627\u0637<\/h1>\t\t\t\t<\/div>\n\t\t\t\t<\/div>\n\t\t\t\t<div class=\"elementor-element elementor-element-8950387 elementor-widget elementor-widget-text-editor\" data-id=\"8950387\" data-element_type=\"widget\" data-e-type=\"widget\" data-widget_type=\"text-editor.default\">\n\t\t\t\t<div class=\"elementor-widget-container\">\n\t\t\t\t\t\t\t\t\t<p class=\"ekit-heading--title elementskit-section-title\">\u00a0\u062a\u062d\u062a\u0631\u0645 \u0633\u0645\u0627\u0631\u062a \u0627\u062a\u0634 \u0633\u064a \u0627\u0645\u062d\u0627\u062c\u062a\u0643 \u0625\u0644\u0649 \u0627\u0644\u062e\u0635\u0648\u0635\u064a\u0629 \u0639\u0628\u0631 \u0627\u0644\u0625\u0646\u062a\u0631\u0646\u062a<\/p>\t\t\t\t\t\t\t\t<\/div>\n\t\t\t\t<\/div>\n\t\t\t\t\t<\/div>\n\t\t<\/div>\n\t\t\t\t\t<\/div>\n\t\t<\/section>\n\t\t\t\t<section class=\"elementor-section elementor-top-section elementor-element elementor-element-5bacc93 special-ar-aligmnet-privacy elementor-section-boxed elementor-section-height-default elementor-section-height-default wpr-particle-no wpr-jarallax-no wpr-parallax-no wpr-sticky-section-no\" data-id=\"5bacc93\" data-element_type=\"section\" data-e-type=\"section\">\n\t\t\t\t\t\t<div class=\"elementor-container elementor-column-gap-default\">\n\t\t\t\t\t<div class=\"elementor-column elementor-col-100 elementor-top-column elementor-element elementor-element-876759d\" data-id=\"876759d\" data-element_type=\"column\" data-e-type=\"column\">\n\t\t\t<div class=\"elementor-widget-wrap elementor-element-populated\">\n\t\t\t\t\t\t<div class=\"elementor-element elementor-element-5c14a30 elementor-widget elementor-widget-heading\" data-id=\"5c14a30\" data-element_type=\"widget\" data-e-type=\"widget\" data-widget_type=\"heading.default\">\n\t\t\t\t<div class=\"elementor-widget-container\">\n\t\t\t\t\t<h2 class=\"elementor-heading-title elementor-size-default\">\u00d8\u00a8\u00d8\u00b3\u00d9\u0192\u00d9\u02c6\u00d9\u0160\u00d8\u00aa<\/h2>\t\t\t\t<\/div>\n\t\t\t\t<\/div>\n\t\t\t\t<div class=\"elementor-element elementor-element-de73fdb elementor-widget elementor-widget-text-editor\" data-id=\"de73fdb\" data-element_type=\"widget\" data-e-type=\"widget\" data-widget_type=\"text-editor.default\">\n\t\t\t\t<div class=\"elementor-widget-container\">\n\t\t\t\t\t\t\t\t\t<p>We may use temporary and permanent cookies to enhance your experience of our services. Temporary cookies will be removed from your computer each time you close your browser. By selecting \u2018keep me signed-in\u2019 option in SmartHCM services, a permanent cookie will be stored in your device and you will not be required to sign-in by providing complete login information each time you return to our website. If you have turned cookies off, you may not be able to use registered areas of the websites.<\/p>\t\t\t\t\t\t\t\t<\/div>\n\t\t\t\t<\/div>\n\t\t\t\t\t<\/div>\n\t\t<\/div>\n\t\t\t\t\t<\/div>\n\t\t<\/section>\n\t\t\t\t<\/div>","protected":false},"excerpt":{"rendered":"<p>Cookies Policy \u00a0SmartHCM\u00a0respects your need for Online\u00a0Privacy Cookies We may use temporary and permanent cookies to enhance your experience of our services. Temporary cookies will be removed from your computer each time you close your browser. By selecting \u2018keep me signed-in\u2019 option in SmartHCM services, a permanent cookie will be stored in your device and you will not be required to sign-in by providing complete login information each time you return to our website. If you have turned cookies off, you may not be able to use registered areas of the websites.<\/p>","protected":false},"author":1,"featured_media":0,"parent":0,"menu_order":0,"comment_status":"closed","ping_status":"closed","template":"","meta":{"content-type":"","site-sidebar-layout":"no-sidebar","site-content-layout":"","ast-site-content-layout":"full-width-container","site-content-style":"default","site-sidebar-style":"default","ast-global-header-display":"","ast-banner-title-visibility":"","ast-main-header-display":"","ast-hfb-above-header-display":"","ast-hfb-below-header-display":"","ast-hfb-mobile-header-display":"","site-post-title":"disabled","ast-breadcrumbs-content":"","ast-featured-img":"disabled","footer-sml-layout":"","ast-disable-related-posts":"","theme-transparent-header-meta":"","adv-header-id-meta":"","stick-header-meta":"","header-above-stick-meta":"","header-main-stick-meta":"","header-below-stick-meta":"","astra-migrate-meta-layouts":"default","ast-page-background-enabled":"default","ast-page-background-meta":{"desktop":{"background-color":"var(--ast-global-color-4)","background-image":"","background-repeat":"repeat","background-position":"center center","background-size":"auto","background-attachment":"scroll","background-type":"","background-media":"","overlay-type":"","overlay-color":"","overlay-opacity":"","overlay-gradient":""},"tablet":{"background-color":"","background-image":"","background-repeat":"repeat","background-position":"center center","background-size":"auto","background-attachment":"scroll","background-type":"","background-media":"","overlay-type":"","overlay-color":"","overlay-opacity":"","overlay-gradient":""},"mobile":{"background-color":"","background-image":"","background-repeat":"repeat","background-position":"center center","background-size":"auto","background-attachment":"scroll","background-type":"","background-media":"","overlay-type":"","overlay-color":"","overlay-opacity":"","overlay-gradient":""}},"ast-content-background-meta":{"desktop":{"background-color":"var(--ast-global-color-5)","background-image":"","background-repeat":"repeat","background-position":"center center","background-size":"auto","background-attachment":"scroll","background-type":"","background-media":"","overlay-type":"","overlay-color":"","overlay-opacity":"","overlay-gradient":""},"tablet":{"background-color":"var(--ast-global-color-5)","background-image":"","background-repeat":"repeat","background-position":"center center","background-size":"auto","background-attachment":"scroll","background-type":"","background-media":"","overlay-type":"","overlay-color":"","overlay-opacity":"","overlay-gradient":""},"mobile":{"background-color":"var(--ast-global-color-5)","background-image":"","background-repeat":"repeat","background-position":"center center","background-size":"auto","background-attachment":"scroll","background-type":"","background-media":"","overlay-type":"","overlay-color":"","overlay-opacity":"","overlay-gradient":""}},"footnotes":""},"class_list":["post-23517","page","type-page","status-publish","hentry"],"_links":{"self":[{"href":"https:\/\/smarthcm.cloud\/ar\/wp-json\/wp\/v2\/pages\/23517","targetHints":{"allow":["GET"]}}],"collection":[{"href":"https:\/\/smarthcm.cloud\/ar\/wp-json\/wp\/v2\/pages"}],"about":[{"href":"https:\/\/smarthcm.cloud\/ar\/wp-json\/wp\/v2\/types\/page"}],"author":[{"embeddable":true,"href":"https:\/\/smarthcm.cloud\/ar\/wp-json\/wp\/v2\/users\/1"}],"replies":[{"embeddable":true,"href":"https:\/\/smarthcm.cloud\/ar\/wp-json\/wp\/v2\/comments?post=23517"}],"version-history":[{"count":6,"href":"https:\/\/smarthcm.cloud\/ar\/wp-json\/wp\/v2\/pages\/23517\/revisions"}],"predecessor-version":[{"id":34900,"href":"https:\/\/smarthcm.cloud\/ar\/wp-json\/wp\/v2\/pages\/23517\/revisions\/34900"}],"wp:attachment":[{"href":"https:\/\/smarthcm.cloud\/ar\/wp-json\/wp\/v2\/media?parent=23517"}],"curies":[{"name":"wp","href":"https:\/\/api.w.org\/{rel}","templated":true}]}}